{"id":91,"date":"2010-07-14T00:29:01","date_gmt":"2010-07-13T22:29:01","guid":{"rendered":"http:\/\/www.foreignersinfrance.com\/?page_id=91"},"modified":"2018-04-10T21:59:50","modified_gmt":"2018-04-10T19:59:50","slug":"%e9%a6%96%e9%a1%b5","status":"publish","type":"page","link":"https:\/\/foreignersinfrance.com\/zh\/","title":{"rendered":"\u9996\u9875","raw":"\u9996\u9875"},"content":{"rendered":"<p><span lang=\"zh\">\u4e16\u754c\u77ac\u606f\u4e07\u53d8\uff0c\u4f46\u5374\u56e0\u4e3a\u6709\u6211\u4eec\uff0c\u4ee4\u60a8\u7684\u6c9f\u901a\u65e0\u9650\uff01\u7f18\u5728\u6cd5\u56fd\uff08ForeignersinFrance\uff09\u65e8\u5728\u4e3a\u60a8\u63d0\u4f9b\u4e2d\u3001\u6cd5\u3001\u82f1\u4e09\u8bed\u95f4\u4fbf\u6377\u7684\u8bed\u8a00\u4ea4\u6d41\u670d\u52a1\u3002<\/span><\/p>\n<p><span lang=\"zh\">\u60a8\u662f\u4e00\u5bb6\u4e2d\u65b9\u4f01\u4e1a\uff0c\u5e0c\u671b\u80fd\u591f\u5f00\u8f9f\u6cd5\u56fd\u5e02\u573a\uff0c\u65b9\u4fbf\u5feb\u6377\u7684\u8bed\u8a00\u4ea4\u6d41\u662f\u60a8\u4e8b\u4e1a\u6210\u529f\u4e0d\u53ef\u6216\u7f3a\u7684\u7b2c\u4e00\u6b65\u3002<\/span><\/p>\n<p><span lang=\"zh\">\u7f18\u5728\u6cd5\u56fd\u4e3a\u60a8\u63d0\u4f9b\u4e13\u4e1a\u7684\u7ffb\u8bd1\u3001\u53e3\u8bd1\u670d\u52a1\uff0c\u6240\u6709\u56e2\u961f\u7ffb\u8bd1\u4eba\u5458\u5747\u5177\u6709\u7ffb\u8bd1\u4e13\u4e1a\u7814\u7a76\u751f\u4ee5\u4e0a\u6587\u51ed\u4ee5\u53ca\u591a\u5e74\u7684\u4e13\u4e1a\u7ffb\u8bd1\u7ecf\u9a8c\u3002<\/span><\/p>\n","protected":false,"raw":"<span lang=\"zh\">\u4e16\u754c\u77ac\u606f\u4e07\u53d8\uff0c\u4f46\u5374\u56e0\u4e3a\u6709\u6211\u4eec\uff0c\u4ee4\u60a8\u7684\u6c9f\u901a\u65e0\u9650\uff01\u7f18\u5728\u6cd5\u56fd\uff08ForeignersinFrance\uff09\u65e8\u5728\u4e3a\u60a8\u63d0\u4f9b\u4e2d\u3001\u6cd5\u3001\u82f1\u4e09\u8bed\u95f4\u4fbf\u6377\u7684\u8bed\u8a00\u4ea4\u6d41\u670d\u52a1\u3002<\/span>\r\n\r\n<span lang=\"zh\">\u60a8\u662f\u4e00\u5bb6\u4e2d\u65b9\u4f01\u4e1a\uff0c\u5e0c\u671b\u80fd\u591f\u5f00\u8f9f\u6cd5\u56fd\u5e02\u573a\uff0c\u65b9\u4fbf\u5feb\u6377\u7684\u8bed\u8a00\u4ea4\u6d41\u662f\u60a8\u4e8b\u4e1a\u6210\u529f\u4e0d\u53ef\u6216\u7f3a\u7684\u7b2c\u4e00\u6b65\u3002<\/span>\r\n\r\n<span lang=\"zh\">\u7f18\u5728\u6cd5\u56fd\u4e3a\u60a8\u63d0\u4f9b\u4e13\u4e1a\u7684\u7ffb\u8bd1\u3001\u53e3\u8bd1\u670d\u52a1\uff0c\u6240\u6709\u56e2\u961f\u7ffb\u8bd1\u4eba\u5458\u5747\u5177\u6709\u7ffb\u8bd1\u4e13\u4e1a\u7814\u7a76\u751f\u4ee5\u4e0a\u6587\u51ed\u4ee5\u53ca\u591a\u5e74\u7684\u4e13\u4e1a\u7ffb\u8bd1\u7ecf\u9a8c\u3002<\/span>"},"excerpt":{"rendered":"","protected":false,"raw":""},"author":1,"featured_media":0,"parent":0,"menu_order":2,"comment_status":"closed","ping_status":"open","template":"","meta":{"_fr_post_content":"<h1><span lang=\"fr\">Bonjour et bienvenu(e) sur notre site\u00a0!<\/span><\/h1>\r\n<span lang=\"fr\">Le monde change tous les jours, mais gr\u00e2ce \u00e0 nous, la communication continue. ForeignersinFrance a pour objectif de faciliter la communication par-del\u00e0 des fronti\u00e8res entre la Chine et les pays francophones ou anglophones.\r\n<\/span>\r\n\r\n<span lang=\"fr\">Vous \u00eates une entreprise fran\u00e7aise, avec des activit\u00e9s en Chine ? Vous avez besoin de communiquer pour des n\u00e9gociations avec facilit\u00e9 ?<\/span>\r\n\r\n<span lang=\"fr\">Vous \u00eates fran\u00e7ais(e), int\u00e9ress\u00e9(e) par la culture asiatique ? Vous souhaitez apprendre la langue, ou organiser un s\u00e9jour en Chine ?<\/span>\r\n\r\n<span lang=\"fr\"><strong>Vous avez trouv\u00e9 la bonne adresse\u00a0! Nous nous engageons \u00e0 vous offrir un service des plus professionnels tout en restant chaleureux.<\/strong><\/span>\r\n\r\n&nbsp;","_fr_post_name":"accueil","_fr_post_excerpt":"","_fr_post_title":"Accueil","_en_post_content":"Accueil EN","_en_post_name":"home","_en_post_excerpt":"","_en_post_title":"Home","_zh_post_content":"<span lang=\"zh\">\u4e16\u754c\u77ac\u606f\u4e07\u53d8\uff0c\u4f46\u5374\u56e0\u4e3a\u6709\u6211\u4eec\uff0c\u4ee4\u60a8\u7684\u6c9f\u901a\u65e0\u9650\uff01\u7f18\u5728\u6cd5\u56fd\uff08ForeignersinFrance\uff09\u65e8\u5728\u4e3a\u60a8\u63d0\u4f9b\u4e2d\u3001\u6cd5\u3001\u82f1\u4e09\u8bed\u95f4\u4fbf\u6377\u7684\u8bed\u8a00\u4ea4\u6d41\u670d\u52a1\u3002<\/span>\r\n\r\n<span lang=\"zh\">\u60a8\u662f\u4e00\u5bb6\u4e2d\u65b9\u4f01\u4e1a\uff0c\u5e0c\u671b\u80fd\u591f\u5f00\u8f9f\u6cd5\u56fd\u5e02\u573a\uff0c\u65b9\u4fbf\u5feb\u6377\u7684\u8bed\u8a00\u4ea4\u6d41\u662f\u60a8\u4e8b\u4e1a\u6210\u529f\u4e0d\u53ef\u6216\u7f3a\u7684\u7b2c\u4e00\u6b65\u3002<\/span>\r\n\r\n<span lang=\"zh\">\u7f18\u5728\u6cd5\u56fd\u4e3a\u60a8\u63d0\u4f9b\u4e13\u4e1a\u7684\u7ffb\u8bd1\u3001\u53e3\u8bd1\u670d\u52a1\uff0c\u6240\u6709\u56e2\u961f\u7ffb\u8bd1\u4eba\u5458\u5747\u5177\u6709\u7ffb\u8bd1\u4e13\u4e1a\u7814\u7a76\u751f\u4ee5\u4e0a\u6587\u51ed\u4ee5\u53ca\u591a\u5e74\u7684\u4e13\u4e1a\u7ffb\u8bd1\u7ecf\u9a8c\u3002<\/span>","_zh_post_name":"%e9%a6%96%e9%a1%b5","_zh_post_excerpt":"","_zh_post_title":"\u9996\u9875","edit_language":"zh"},"_links":{"self":[{"href":"https:\/\/foreignersinfrance.com\/zh\/wp-json\/wp\/v2\/pages\/91"}],"collection":[{"href":"https:\/\/foreignersinfrance.com\/zh\/wp-json\/wp\/v2\/pages"}],"about":[{"href":"https:\/\/foreignersinfrance.com\/zh\/wp-json\/wp\/v2\/types\/page"}],"author":[{"embeddable":true,"href":"https:\/\/foreignersinfrance.com\/zh\/wp-json\/wp\/v2\/users\/1"}],"replies":[{"embeddable":true,"href":"https:\/\/foreignersinfrance.com\/zh\/wp-json\/wp\/v2\/comments?post=91"}],"version-history":[{"count":32,"href":"https:\/\/foreignersinfrance.com\/zh\/wp-json\/wp\/v2\/pages\/91\/revisions"}],"predecessor-version":[{"id":385,"href":"https:\/\/foreignersinfrance.com\/zh\/wp-json\/wp\/v2\/pages\/91\/revisions\/385"}],"wp:attachment":[{"href":"https:\/\/foreignersinfrance.com\/zh\/wp-json\/wp\/v2\/media?parent=91"}],"curies":[{"name":"wp","href":"https:\/\/api.w.org\/{rel}","templated":true}]}}