{"id":274,"date":"2010-11-02T22:16:07","date_gmt":"2010-11-02T21:16:07","guid":{"rendered":"http:\/\/www.foreignersinfrance.com"},"modified":"2018-04-10T21:33:10","modified_gmt":"2018-04-10T19:33:10","slug":"gongsijieshao","status":"publish","type":"page","link":"https:\/\/foreignersinfrance.com\/zh\/gongsijieshao\/","title":{"rendered":"\u516c\u53f8\u4ecb\u7ecd","raw":"\u516c\u53f8\u4ecb\u7ecd"},"content":{"rendered":"<p><span lang=\"zh\">\u516c\u53f8\u4ecb\u7ecd<\/span><\/p>\n","protected":false,"raw":"<span lang=\"zh\">\u516c\u53f8\u4ecb\u7ecd<\/span>"},"excerpt":{"rendered":"","protected":false,"raw":""},"author":1,"featured_media":0,"parent":0,"menu_order":9,"comment_status":"closed","ping_status":"open","template":"","meta":{"_fr_post_content":"<span lang=\"fr\">Notre soci\u00e9t\u00e9<\/span>\r\n\r\n&nbsp;\r\n\r\n&nbsp;","_fr_post_name":"societe","_fr_post_excerpt":"","_fr_post_title":"Notre soci\u00e9t\u00e9","_en_post_content":"Soci\u00e9t\u00e9 EN","_en_post_name":"company","_en_post_excerpt":"","_en_post_title":"Our company","_zh_post_content":"<span lang=\"zh\">\u516c\u53f8\u4ecb\u7ecd<\/span>","_zh_post_name":"gongsijieshao","_zh_post_excerpt":"","_zh_post_title":"\u516c\u53f8\u4ecb\u7ecd","edit_language":"zh"},"_links":{"self":[{"href":"https:\/\/foreignersinfrance.com\/zh\/wp-json\/wp\/v2\/pages\/274"}],"collection":[{"href":"https:\/\/foreignersinfrance.com\/zh\/wp-json\/wp\/v2\/pages"}],"about":[{"href":"https:\/\/foreignersinfrance.com\/zh\/wp-json\/wp\/v2\/types\/page"}],"author":[{"embeddable":true,"href":"https:\/\/foreignersinfrance.com\/zh\/wp-json\/wp\/v2\/users\/1"}],"replies":[{"embeddable":true,"href":"https:\/\/foreignersinfrance.com\/zh\/wp-json\/wp\/v2\/comments?post=274"}],"version-history":[{"count":4,"href":"https:\/\/foreignersinfrance.com\/zh\/wp-json\/wp\/v2\/pages\/274\/revisions"}],"predecessor-version":[{"id":398,"href":"https:\/\/foreignersinfrance.com\/zh\/wp-json\/wp\/v2\/pages\/274\/revisions\/398"}],"wp:attachment":[{"href":"https:\/\/foreignersinfrance.com\/zh\/wp-json\/wp\/v2\/media?parent=274"}],"curies":[{"name":"wp","href":"https:\/\/api.w.org\/{rel}","templated":true}]}}