{"id":249,"date":"2010-11-02T17:23:51","date_gmt":"2010-11-02T16:23:51","guid":{"rendered":"http:\/\/www.foreignersinfrance.com"},"modified":"2018-04-10T21:44:06","modified_gmt":"2018-04-10T19:44:06","slug":"kehuminglu","status":"publish","type":"page","link":"https:\/\/foreignersinfrance.com\/zh\/gongsijieshao\/kehuminglu\/","title":{"rendered":"\u5ba2\u6237\u540d\u5f55","raw":"\u5ba2\u6237\u540d\u5f55"},"content":{"rendered":"<p><span lang=\"zh\">\u5ba2\u6237\u540d\u5f55<\/span><\/p>\n","protected":false,"raw":"<span lang=\"zh\">\u5ba2\u6237\u540d\u5f55<\/span>"},"excerpt":{"rendered":"","protected":false,"raw":""},"author":1,"featured_media":0,"parent":274,"menu_order":2,"comment_status":"closed","ping_status":"open","template":"","meta":{"_fr_post_content":"<h2><span lang=\"fr\">Nos r\u00e9f\u00e9rences<\/span><\/h2>\r\n<span lang=\"fr\">Comme nous l'avons pr\u00e9cis\u00e9 dans nos Conditions G\u00e9n\u00e9rales de Vente, nous conservons le parfait anonymat de nos clients ainsi que les travaux pr\u00e9cis pour lesquels nous avons \u00e9t\u00e9 missionn\u00e9s. N\u00e9anmoins, nous pouvons vous donner quelques indications sur le type de travaux que nous avons men\u00e9s, ainsi que les secteurs d'activit\u00e9 dans lesquels nous avons d\u00e9j\u00e0 travaill\u00e9.<\/span>\r\n\r\n<span lang=\"fr\">Pour la traduction comme pour l'interpr\u00e9tariat, nous avons eu la chance d'intervenir dans des secteurs d'activit\u00e9 relativement vari\u00e9s, notamment :<\/span>\r\n<ul>\r\n \t<li><span lang=\"fr\">Maquillage<\/span><\/li>\r\n \t<li><span lang=\"fr\">Horlogerie de luxe<\/span><\/li>\r\n \t<li><span lang=\"fr\">Joaillerie de luxe<\/span><\/li>\r\n \t<li><span lang=\"fr\">Voyagistes<\/span><\/li>\r\n \t<li><span lang=\"fr\">Textile<\/span><\/li>\r\n \t<li><span lang=\"fr\">Droit des Affaires<\/span><\/li>\r\n \t<li><span lang=\"fr\">Universit\u00e9s<\/span><\/li>\r\n \t<li><span lang=\"fr\">Management<\/span><\/li>\r\n \t<li><span lang=\"fr\">Agro-Alimentaire<\/span><\/li>\r\n \t<li><span lang=\"fr\">Agriculture<\/span><\/li>\r\n \t<li><span lang=\"fr\">Navigation<\/span><\/li>\r\n \t<li><span lang=\"fr\">Ecologie &amp; Traitement des Ordures M\u00e9nag\u00e8res<\/span><\/li>\r\n \t<li><span lang=\"fr\">Bricolage<\/span><\/li>\r\n \t<li><span lang=\"fr\">Organisation de stands sur des salons internationaux<\/span><\/li>\r\n<\/ul>\r\n<span lang=\"fr\">Quant aux types de documents que nous avons r\u00e9guli\u00e8rement dans les mains, cela reste \u00e9galement vari\u00e9:<\/span>\r\n<ul>\r\n \t<li><span lang=\"fr\">Catalogues Produits<\/span><\/li>\r\n \t<li><span lang=\"fr\">Site Web (pour de l'int\u00e9gration notamment)<\/span><\/li>\r\n \t<li><span lang=\"fr\">Courriers divers<\/span><\/li>\r\n \t<li><span lang=\"fr\">Etude de March\u00e9<\/span><\/li>\r\n \t<li><span lang=\"fr\">Questionnaires et Sondages<\/span><\/li>\r\n \t<li><span lang=\"fr\">Contrats Commerciaux<\/span><\/li>\r\n \t<li><span lang=\"fr\">Actes Judiciaires<\/span><\/li>\r\n \t<li><span lang=\"fr\">Protocole d'Echange Culturel (entre universit\u00e9s)<\/span><\/li>\r\n \t<li><span lang=\"fr\">Interpr\u00e9tariat cons\u00e9cutif<\/span><\/li>\r\n<\/ul>\r\n<span lang=\"fr\">De mani\u00e8re plus anecdotique, il peut arriver que nous ayons des missions plus exotiques, par exemple:<\/span>\r\n<ul>\r\n \t<li><span lang=\"fr\">Enrichissement de Base de Donn\u00e9es d'Encyclop\u00e9die ou Dictionnaire<\/span><\/li>\r\n \t<li><span lang=\"fr\">Enregistrement de voix-off en chinois<\/span><\/li>\r\n<\/ul>\r\n<span lang=\"fr\"><strong>Comme vous pouvez le constater, nous sommes assez polyvalents, alors n'h\u00e9sitez pas \u00e0 nous confier vos projets, nous nous ferons un devoir d'\u00e9tudier leur faisabilit\u00e9 !<\/strong><\/span>","_fr_post_name":"references","_fr_post_excerpt":"","_fr_post_title":"Nos r\u00e9f\u00e9rences","_en_post_content":"<span lang=\"en\">Our customers<\/span>","_en_post_name":"customers","_en_post_excerpt":"","_en_post_title":"Some references","_zh_post_content":"<span lang=\"zh\">\u5ba2\u6237\u540d\u5f55<\/span>","_zh_post_name":"kehuminglu","_zh_post_excerpt":"","_zh_post_title":"\u5ba2\u6237\u540d\u5f55","edit_language":"zh"},"_links":{"self":[{"href":"https:\/\/foreignersinfrance.com\/zh\/wp-json\/wp\/v2\/pages\/249"}],"collection":[{"href":"https:\/\/foreignersinfrance.com\/zh\/wp-json\/wp\/v2\/pages"}],"about":[{"href":"https:\/\/foreignersinfrance.com\/zh\/wp-json\/wp\/v2\/types\/page"}],"author":[{"embeddable":true,"href":"https:\/\/foreignersinfrance.com\/zh\/wp-json\/wp\/v2\/users\/1"}],"replies":[{"embeddable":true,"href":"https:\/\/foreignersinfrance.com\/zh\/wp-json\/wp\/v2\/comments?post=249"}],"version-history":[{"count":14,"href":"https:\/\/foreignersinfrance.com\/zh\/wp-json\/wp\/v2\/pages\/249\/revisions"}],"predecessor-version":[{"id":404,"href":"https:\/\/foreignersinfrance.com\/zh\/wp-json\/wp\/v2\/pages\/249\/revisions\/404"}],"up":[{"embeddable":true,"href":"https:\/\/foreignersinfrance.com\/zh\/wp-json\/wp\/v2\/pages\/274"}],"wp:attachment":[{"href":"https:\/\/foreignersinfrance.com\/zh\/wp-json\/wp\/v2\/media?parent=249"}],"curies":[{"name":"wp","href":"https:\/\/api.w.org\/{rel}","templated":true}]}}