{"id":242,"date":"2010-11-02T17:12:12","date_gmt":"2010-11-02T16:12:12","guid":{"rendered":"http:\/\/www.foreignersinfrance.com"},"modified":"2018-04-10T21:35:21","modified_gmt":"2018-04-10T19:35:21","slug":"guangyuwomen","status":"publish","type":"page","link":"https:\/\/foreignersinfrance.com\/zh\/gongsijieshao\/guangyuwomen\/","title":{"rendered":"\u5173\u4e8e\u6211\u4eec","raw":"\u5173\u4e8e\u6211\u4eec"},"content":{"rendered":"<p>A propos ZH<\/p>\n","protected":false,"raw":"A propos ZH"},"excerpt":{"rendered":"","protected":false,"raw":""},"author":1,"featured_media":0,"parent":274,"menu_order":1,"comment_status":"closed","ping_status":"open","template":"","meta":{"_fr_post_content":"<h2><span lang=\"en\">About us<\/span><\/h2>\r\n<h2><span lang=\"fr\">A propos de nous<\/span><\/h2>\r\n<span lang=\"fr\">Foreigners in France est une soci\u00e9t\u00e9 cr\u00e9\u00e9e en 2010, orient\u00e9e en grande partie vers les services linguistiques. En particulier, l'activit\u00e9 principale est la traduction et l'interpr\u00e9tation (lors d'accompagnement d'\u00e9trangers en France en d\u00e9placement professionnel), mais nous avons \u00e9galement vocation \u00e0 assurer des formations de langue, pour des enfants comme des adultes, principalement en chinois.<\/span>\r\n\r\n<span lang=\"fr\">Dans un second temps, nous envisageons d'\u00e9toffer notre catalogue de service afin de pouvoir aider les \u00e9trangers r\u00e9sidant en France. La 1\u00e8re \u00e9tape sera de fournir un service d'assistance pour diff\u00e9rentes prestations li\u00e9es \u00e0 l'informatique.<\/span>\r\n\r\n<span lang=\"zh\">\u5173\u4e8e\u6211\u4eec<\/span>\r\n\r\n&nbsp;","_fr_post_name":"apropos","_fr_post_excerpt":"","_fr_post_title":"A propos de nous","_en_post_content":"About us EN","_en_post_name":"about","_en_post_excerpt":"","_en_post_title":"About us","_zh_post_content":"A propos ZH","_zh_post_name":"guangyuwomen","_zh_post_excerpt":"","_zh_post_title":"\u5173\u4e8e\u6211\u4eec","edit_language":"zh"},"_links":{"self":[{"href":"https:\/\/foreignersinfrance.com\/zh\/wp-json\/wp\/v2\/pages\/242"}],"collection":[{"href":"https:\/\/foreignersinfrance.com\/zh\/wp-json\/wp\/v2\/pages"}],"about":[{"href":"https:\/\/foreignersinfrance.com\/zh\/wp-json\/wp\/v2\/types\/page"}],"author":[{"embeddable":true,"href":"https:\/\/foreignersinfrance.com\/zh\/wp-json\/wp\/v2\/users\/1"}],"replies":[{"embeddable":true,"href":"https:\/\/foreignersinfrance.com\/zh\/wp-json\/wp\/v2\/comments?post=242"}],"version-history":[{"count":15,"href":"https:\/\/foreignersinfrance.com\/zh\/wp-json\/wp\/v2\/pages\/242\/revisions"}],"predecessor-version":[{"id":400,"href":"https:\/\/foreignersinfrance.com\/zh\/wp-json\/wp\/v2\/pages\/242\/revisions\/400"}],"up":[{"embeddable":true,"href":"https:\/\/foreignersinfrance.com\/zh\/wp-json\/wp\/v2\/pages\/274"}],"wp:attachment":[{"href":"https:\/\/foreignersinfrance.com\/zh\/wp-json\/wp\/v2\/media?parent=242"}],"curies":[{"name":"wp","href":"https:\/\/api.w.org\/{rel}","templated":true}]}}