{"id":2,"date":"2010-07-05T03:12:58","date_gmt":"2010-07-05T03:12:58","guid":{"rendered":"http:\/\/www.foreignersinfrance.com\/?page_id=2"},"modified":"2018-04-10T21:56:23","modified_gmt":"2018-04-10T19:56:23","slug":"lianxi","status":"publish","type":"page","link":"https:\/\/foreignersinfrance.com\/zh\/gongsijieshao\/lianxi\/","title":{"rendered":"\u8054\u7cfb\u6211\u4eec","raw":"\u8054\u7cfb\u6211\u4eec"},"content":{"rendered":"<p>\u8054\u7cfb\u6211\u4eec<\/p>\n","protected":false,"raw":"\u8054\u7cfb\u6211\u4eec"},"excerpt":{"rendered":"","protected":false,"raw":""},"author":1,"featured_media":0,"parent":274,"menu_order":4,"comment_status":"closed","ping_status":"open","template":"","meta":{"_fr_post_content":"<h2><span lang=\"fr\">Contact<\/span><\/h2>\r\n<span lang=\"fr\">Vous avez une question particuli\u00e8re ? Vous n'avez pas trouv\u00e9 la r\u00e9ponse \u00e0 votre question sur ce site ? N'h\u00e9sitez pas \u00e0 nous contacter, tous les moyens pour nous joindre sont list\u00e9s ci-dessous ! Nous vous r\u00e9pondrons dans les plus brefs d\u00e9lais.<\/span>\r\n<h3><span lang=\"fr\">Pour nous joindre:<\/span><\/h3>\r\n<ul>\r\n \t<li><span lang=\"fr\">email : contact@foreignersinfrance.com<\/span><\/li>\r\n \t<li><span lang=\"fr\">portable : +33 (0)6 48 69 64 15 (tarifs op\u00e9rateurs fran\u00e7ais)<\/span><\/li>\r\n \t<li><span lang=\"fr\">t\u00e9l\u00e9copie : +33 (0)9 50 47 14 09<\/span><\/li>\r\n<\/ul>\r\n<h3><span lang=\"fr\">Service comptable:<\/span><\/h3>\r\n<ul>\r\n \t<li><span lang=\"fr\">email : accounting@foreignersinfrance.com<\/span><\/li>\r\n<\/ul>\r\n<span lang=\"fr\"><strong>C'est avec plaisir que nous vous r\u00e9pondrons !<\/strong><\/span>\r\n\r\n<span lang=\"en\">Contact us<\/span>\r\n<span lang=\"zh\">\u8054\u7cfb\u6211\u4eec<\/span>","_fr_post_name":"contact","_fr_post_excerpt":"","_fr_post_title":"Contacts","_en_post_content":"Contact EN","_en_post_name":"contactus","_en_post_excerpt":"","_en_post_title":"Contact Us","_zh_post_content":"\u8054\u7cfb\u6211\u4eec","_zh_post_name":"lianxi","_zh_post_excerpt":"","_zh_post_title":"\u8054\u7cfb\u6211\u4eec","edit_language":"zh"},"_links":{"self":[{"href":"https:\/\/foreignersinfrance.com\/zh\/wp-json\/wp\/v2\/pages\/2"}],"collection":[{"href":"https:\/\/foreignersinfrance.com\/zh\/wp-json\/wp\/v2\/pages"}],"about":[{"href":"https:\/\/foreignersinfrance.com\/zh\/wp-json\/wp\/v2\/types\/page"}],"author":[{"embeddable":true,"href":"https:\/\/foreignersinfrance.com\/zh\/wp-json\/wp\/v2\/users\/1"}],"replies":[{"embeddable":true,"href":"https:\/\/foreignersinfrance.com\/zh\/wp-json\/wp\/v2\/comments?post=2"}],"version-history":[{"count":40,"href":"https:\/\/foreignersinfrance.com\/zh\/wp-json\/wp\/v2\/pages\/2\/revisions"}],"predecessor-version":[{"id":408,"href":"https:\/\/foreignersinfrance.com\/zh\/wp-json\/wp\/v2\/pages\/2\/revisions\/408"}],"up":[{"embeddable":true,"href":"https:\/\/foreignersinfrance.com\/zh\/wp-json\/wp\/v2\/pages\/274"}],"wp:attachment":[{"href":"https:\/\/foreignersinfrance.com\/zh\/wp-json\/wp\/v2\/media?parent=2"}],"curies":[{"name":"wp","href":"https:\/\/api.w.org\/{rel}","templated":true}]}}