{"id":5,"date":"2010-07-06T11:04:55","date_gmt":"2010-07-06T09:04:55","guid":{"rendered":"http:\/\/www.foreignersinfrance.com\/?page_id=5"},"modified":"2018-04-10T22:00:05","modified_gmt":"2018-04-10T20:00:05","slug":"languages","status":"publish","type":"page","link":"https:\/\/foreignersinfrance.com\/en\/languages\/","title":{"rendered":"Languages","raw":"Languages"},"content":{"rendered":"<p>Langues EN<\/p>\n","protected":false,"raw":"Langues EN"},"excerpt":{"rendered":"","protected":false,"raw":""},"author":1,"featured_media":0,"parent":0,"menu_order":3,"comment_status":"closed","ping_status":"open","template":"","meta":{"_fr_post_content":"<span lang=\"fr\">Nous vous proposons des services professionnels dans les domaines de la linguistique, notamment:<\/span>\r\n\r\n<span lang=\"fr\"><strong>Traduction<\/strong><\/span>\r\n\r\n<span lang=\"fr\">Combinaisons de langues ma\u00eetris\u00e9es:<\/span>\r\n<ul>\r\n \t<li><span lang=\"fr\">Fran\u00e7ais\/Chinois<\/span><\/li>\r\n \t<li><span lang=\"fr\">Fran\u00e7ais\/Anglais<\/span><\/li>\r\n \t<li><span lang=\"fr\">Anglais\/Chinois<\/span><\/li>\r\n<\/ul>\r\n<span lang=\"fr\">Types de documents:<\/span>\r\n<ul>\r\n \t<li><span lang=\"fr\">G\u00e9n\u00e9ral<\/span><\/li>\r\n \t<li><span lang=\"fr\">Technique (notice technique d'utilisation, th\u00e8se\/m\u00e9moires...)<\/span><\/li>\r\n \t<li><span lang=\"fr\">Juridique (acte de jugements, articles de loi, contrats internationaux...)<\/span><\/li>\r\n<\/ul>\r\n<span lang=\"fr\">NB: Nous ne sommes pas en mesure de traiter les documents litt\u00e9raires pour le moment, ce type de document n'ayant pas \u00e9t\u00e9 couvert par notre formation \u00e0 l'ESIT.<\/span>\r\n\r\n<a title=\"Translation|\u7ffb\u8bd1|Traduction|Translation\" href=\"http:\/\/www.foreignersinfrance.com\/linguistique\/traduction\">En savoir plus...<\/a>\r\n\r\n<span lang=\"fr\"><strong>Interpr\u00e9tariat<\/strong><\/span>\r\n<ul>\r\n \t<li><span lang=\"fr\">Conf\u00e9rences<\/span><\/li>\r\n \t<li><span lang=\"fr\">Visites organis\u00e9es<\/span><\/li>\r\n \t<li><span lang=\"fr\">Accompagnement commercial<\/span><\/li>\r\n<\/ul>\r\n<a title=\"Interpretation|\u53e3\u8bd1|Interpr\u00e9tariat|Interpretation\" href=\"http:\/\/www.foreignersinfrance.com\/linguistique\/interpretariat\">En savoir plus...<\/a><span lang=\"en\">\r\n<\/span>","_fr_post_name":"linguistique","_fr_post_excerpt":"","_fr_post_title":"Langues","_en_post_content":"Langues EN","_en_post_name":"languages","_en_post_excerpt":"","_en_post_title":"Languages","_zh_post_content":"Langues ZH","_zh_post_name":"yuyan","_zh_post_excerpt":"","_zh_post_title":"\u8bed\u8a00","edit_language":"en"},"_links":{"self":[{"href":"https:\/\/foreignersinfrance.com\/en\/wp-json\/wp\/v2\/pages\/5"}],"collection":[{"href":"https:\/\/foreignersinfrance.com\/en\/wp-json\/wp\/v2\/pages"}],"about":[{"href":"https:\/\/foreignersinfrance.com\/en\/wp-json\/wp\/v2\/types\/page"}],"author":[{"embeddable":true,"href":"https:\/\/foreignersinfrance.com\/en\/wp-json\/wp\/v2\/users\/1"}],"replies":[{"embeddable":true,"href":"https:\/\/foreignersinfrance.com\/en\/wp-json\/wp\/v2\/comments?post=5"}],"version-history":[{"count":21,"href":"https:\/\/foreignersinfrance.com\/en\/wp-json\/wp\/v2\/pages\/5\/revisions"}],"predecessor-version":[{"id":388,"href":"https:\/\/foreignersinfrance.com\/en\/wp-json\/wp\/v2\/pages\/5\/revisions\/388"}],"wp:attachment":[{"href":"https:\/\/foreignersinfrance.com\/en\/wp-json\/wp\/v2\/media?parent=5"}],"curies":[{"name":"wp","href":"https:\/\/api.w.org\/{rel}","templated":true}]}}