{"id":17,"date":"2010-07-06T12:05:49","date_gmt":"2010-07-06T10:05:49","guid":{"rendered":"http:\/\/www.foreignersinfrance.com\/?page_id=17"},"modified":"2018-04-10T22:00:48","modified_gmt":"2018-04-10T20:00:48","slug":"classes","status":"publish","type":"page","link":"https:\/\/foreignersinfrance.com\/en\/training\/classes\/","title":{"rendered":"Language classes","raw":"Language classes"},"content":{"rendered":"<p>Cours EN<\/p>\n","protected":false,"raw":"Cours EN"},"excerpt":{"rendered":"","protected":false,"raw":""},"author":1,"featured_media":0,"parent":14,"menu_order":1,"comment_status":"closed","ping_status":"open","template":"","meta":{"_fr_post_content":"<span lang=\"fr\">Nous vous proposons des cours de langues diversifi\u00e9s, qui seront organis\u00e9s au fur et \u00e0 mesure des demandes pour les diff\u00e9rentes langues que nous sommes capables d'enseigner.<\/span>\r\n\r\n<span lang=\"fr\">Pour l'instant:<\/span>\r\n<ul>\r\n \t<li><span lang=\"fr\">Chinois (tous niveaux)<\/span><\/li>\r\n \t<li><span lang=\"fr\">Fran\u00e7ais (grand d\u00e9butant, id\u00e9al pour les \u00e9trangers venant d'arriver en France) : dans le cadre de l'enseignement du fran\u00e7ais, nous ne savons prendre en charge que les personnes parlant comme langue maternelle : Chinois, Anglais<\/span><\/li>\r\n \t<li><span lang=\"fr\">Anglais (tous niveaux)<\/span><\/li>\r\n<\/ul>\r\n<span lang=\"fr\">En fonction du succ\u00e8s des diff\u00e9rents cours, il sera envisageable d'\u00e9voluer et de prendre en charge de nouvelles langues.<\/span>\r\n\r\n&nbsp;","_fr_post_name":"cours","_fr_post_excerpt":"","_fr_post_title":"Cours de langues","_en_post_content":"Cours EN","_en_post_name":"classes","_en_post_excerpt":"","_en_post_title":"Language classes","_zh_post_content":"Cours ZH","_zh_post_name":"yuyankecheng","_zh_post_excerpt":"","_zh_post_title":"\u8bed\u8a00\u8bfe\u7a0b","edit_language":"en"},"_links":{"self":[{"href":"https:\/\/foreignersinfrance.com\/en\/wp-json\/wp\/v2\/pages\/17"}],"collection":[{"href":"https:\/\/foreignersinfrance.com\/en\/wp-json\/wp\/v2\/pages"}],"about":[{"href":"https:\/\/foreignersinfrance.com\/en\/wp-json\/wp\/v2\/types\/page"}],"author":[{"embeddable":true,"href":"https:\/\/foreignersinfrance.com\/en\/wp-json\/wp\/v2\/users\/1"}],"replies":[{"embeddable":true,"href":"https:\/\/foreignersinfrance.com\/en\/wp-json\/wp\/v2\/comments?post=17"}],"version-history":[{"count":15,"href":"https:\/\/foreignersinfrance.com\/en\/wp-json\/wp\/v2\/pages\/17\/revisions"}],"predecessor-version":[{"id":34,"href":"https:\/\/foreignersinfrance.com\/en\/wp-json\/wp\/v2\/pages\/17\/revisions\/34"}],"up":[{"embeddable":true,"href":"https:\/\/foreignersinfrance.com\/en\/wp-json\/wp\/v2\/pages\/14"}],"wp:attachment":[{"href":"https:\/\/foreignersinfrance.com\/en\/wp-json\/wp\/v2\/media?parent=17"}],"curies":[{"name":"wp","href":"https:\/\/api.w.org\/{rel}","templated":true}]}}